{"id":1159,"date":"2015-02-06T08:46:08","date_gmt":"2015-02-06T08:46:08","guid":{"rendered":"http:\/\/mem-tek.org\/tr\/?page_id=1159"},"modified":"2023-08-10T13:07:59","modified_gmt":"2023-08-10T13:07:59","slug":"turkiye-ve-fransa-arasinda-filtrasyon-teknolojileri-isbirligi-semineri","status":"publish","type":"page","link":"https:\/\/mem-tek.org\/index.php\/turkiye-ve-fransa-arasinda-filtrasyon-teknolojileri-isbirligi-semineri\/","title":{"rendered":"T\u00fcrkiye ve Fransa Aras\u0131nda Filtrasyon Teknolojileri \u0130\u015fbirli\u011fi Semineri"},"content":{"rendered":"<p>Filtrasyon teknolojileri g\u00fcn ge\u00e7tik\u00e7e hem su-at\u0131ksu uygulamalar\u0131nda hem de end\u00fcstriyel ay\u0131rma proseslerinde yayg\u0131nla\u015fmaktad\u0131r. Bu durum sekt\u00f6rel b\u00fcy\u00fcmeyi de ard\u0131ndan getirmektedir. Ancak her b\u00fcy\u00fcmenin beraberinde getirdi\u011fi yeni ihtiya\u00e7lar ve sorunlar vard\u0131r.<br \/>\nMembran filtrasyon teknolojileri \u00fczerine 2011 y\u0131l\u0131nda \u00fclkemizde kurulan ilk ve tek Membran Teknolojileri Uygulama ve Ara\u015ft\u0131rma merkezi, MEM-TEK ile Fransa\u2019da 1981 y\u0131l\u0131nda kurulan Filtrasyon ve Ay\u0131rma Teknikleri Enstit\u00fcs\u00fc, IFTS, filtrasyon teknolojileri alan\u0131ndaki bilgi ve tecr\u00fcbelerini end\u00fcstriyle payla\u015fmak ve sekt\u00f6r problemlerine yard\u0131mc\u0131 olmak amac\u0131yla bir i\u015fbirli\u011fi toplant\u0131s\u0131n\u0131 d\u00fczenlemektedir. Bu i\u015fbirli\u011fi toplant\u0131s\u0131nda MEM-TEK ve IFTS kendi projelerini, hareket kabiliyetlerini ve sa\u011flayabilecekleri \u00e7\u00f6z\u00fcmleri ilgilenen t\u00fcm kat\u0131l\u0131mc\u0131larla payla\u015facak ve muhtemel i\u015fbirlikleri konu\u015fulacakt\u0131r.<br \/>\nBu organizasyonun, sekt\u00f6r problemlerinin \u00e7\u00f6z\u00fclmesi ve IFTS\u2019nin 34 y\u0131ll\u0131k tecr\u00fcbesinin \u00fclkemize ta\u015f\u0131nmas\u0131 y\u00f6n\u00fcnden olduk\u00e7a \u00f6nemli oldu\u011funa inanmaktay\u0131z.<br \/>\nFaydal\u0131 olaca\u011f\u0131n\u0131 umdu\u011fumuz bu etkinlikte sizleri de aram\u0131zda g\u00f6rmekten mutluluk duyar\u0131z.<br \/>\nSayg\u0131lar\u0131mla,<\/p>\n<p>Prof. Dr. \u0130smail KOYUNCU<br \/>\nMEM-TEK M\u00fcd\u00fcr\u00fc<\/p>\n<p>Tarih: 11 \u015eubat 2015 Saat: 9.30<br \/>\nYer: \u0130stanbul Teknik \u00dcniversitesi Deprem M\u00fchendisli\u011fi ve Afet Y\u00f6netimi Enstit\u00fcs\u00fc Seminer Salonu<\/p>\n","protected":false},"excerpt":{"rendered":"<p>Filtrasyon teknolojileri g\u00fcn ge\u00e7tik\u00e7e hem su-at\u0131ksu uygulamalar\u0131nda hem de end\u00fcstriyel ay\u0131rma proseslerinde yayg\u0131nla\u015fmaktad\u0131r. Bu durum sekt\u00f6rel b\u00fcy\u00fcmeyi de ard\u0131ndan getirmektedir. Ancak her b\u00fcy\u00fcmenin beraberinde getirdi\u011fi yeni ihtiya\u00e7lar ve sorunlar vard\u0131r. Membran filtrasyon teknolojileri \u00fczerine 2011 y\u0131l\u0131nda \u00fclkemizde kurulan ilk ve tek Membran Teknolojileri Uygulama ve Ara\u015ft\u0131rma merkezi, MEM-TEK ile Fransa\u2019da 1981 y\u0131l\u0131nda kurulan Filtrasyon ve [&hellip;]<\/p>\n","protected":false},"author":1,"featured_media":0,"parent":0,"menu_order":0,"comment_status":"closed","ping_status":"closed","template":"","meta":{"footnotes":""},"class_list":["post-1159","page","type-page","status-publish","hentry"],"_links":{"self":[{"href":"https:\/\/mem-tek.org\/index.php\/wp-json\/wp\/v2\/pages\/1159","targetHints":{"allow":["GET"]}}],"collection":[{"href":"https:\/\/mem-tek.org\/index.php\/wp-json\/wp\/v2\/pages"}],"about":[{"href":"https:\/\/mem-tek.org\/index.php\/wp-json\/wp\/v2\/types\/page"}],"author":[{"embeddable":true,"href":"https:\/\/mem-tek.org\/index.php\/wp-json\/wp\/v2\/users\/1"}],"replies":[{"embeddable":true,"href":"https:\/\/mem-tek.org\/index.php\/wp-json\/wp\/v2\/comments?post=1159"}],"version-history":[{"count":1,"href":"https:\/\/mem-tek.org\/index.php\/wp-json\/wp\/v2\/pages\/1159\/revisions"}],"predecessor-version":[{"id":7494,"href":"https:\/\/mem-tek.org\/index.php\/wp-json\/wp\/v2\/pages\/1159\/revisions\/7494"}],"wp:attachment":[{"href":"https:\/\/mem-tek.org\/index.php\/wp-json\/wp\/v2\/media?parent=1159"}],"curies":[{"name":"wp","href":"https:\/\/api.w.org\/{rel}","templated":true}]}}