{"id":8314,"date":"2024-05-06T19:29:07","date_gmt":"2024-05-06T19:29:07","guid":{"rendered":"https:\/\/mem-tek.org\/?page_id=8314"},"modified":"2025-03-05T06:02:37","modified_gmt":"2025-03-05T06:02:37","slug":"patent","status":"publish","type":"page","link":"https:\/\/mem-tek.org\/index.php\/patent\/","title":{"rendered":"Patentler"},"content":{"rendered":"<div><\/div>\n<div><\/div>\n<div>\n<p style=\"font-size: x-large;\"><b>Patentler:<\/b><\/p>\n<\/div>\n<div>\n<p><b><span lang=\"EN-US\">MEMBRAN UYGULAMALARI ESASLI NAD\u0130R TOPRAK ELEMENTLER\u0130N\u0130N GER\u0130 KAZANIM S\u0130STEM\u0130 <\/span><\/b><span lang=\"EN-US\">(<\/span><span lang=\"EN-US\" style=\"font-size: revert;\">2023) Patent No: 2022 001725<\/span><\/p>\n<\/div>\n<div>\n<p><span lang=\"EN-US\">Patent Ba\u015fvuru Sahipleri: \u0130stanbul Teknik \u00dcniversitesi <\/span><\/p>\n<\/div>\n<p>Patent Bulu\u015f Sahipleri: \u0130smail Koyuncu, Ay\u015fe Y\u00fcksekda\u011f, Mark Robert Wiesner, B\u00f6rte K\u00f6se Mutlu<\/p>\n<div>\n<p><b><span lang=\"EN-US\">HERBAL ABSORBENT MATERIAL FOR COMBATING OIL AND OIL SPILLS <\/span><\/b><span style=\"font-size: revert;\">(2023) <\/span><\/p>\n<p><span style=\"font-size: revert;\">Patent No: WO2023211407A1<\/span><\/p>\n<\/div>\n<div>\n<p><span lang=\"EN-US\">Patent Ba\u015fvuru Sahipleri: \u0130stanbul Teknik \u00dcniversitesi <\/span><\/p>\n<\/div>\n<p>Patent Bulu\u015f Sahipleri: \u0130smail Koyuncu, \u00d6mer kara, Bahar Yavuzt\u00fcrk G\u00fcl, Mehmet Emin Pa\u015fao\u011flu, Sevde Korkut<\/p>\n<div>\n<p><b><span lang=\"EN-US\">RECOVERY SYSTEM OF RARE EARTH ELEMENTS BASED ON MEMBRANE APPLICATIONS <\/span><\/b><span style=\"font-size: revert;\">(2023) <\/span><\/p>\n<p><span style=\"font-size: revert;\">Patent No: WO2023154030A1<\/span><\/p>\n<\/div>\n<div>\n<p><span lang=\"EN-US\">Patent Ba\u015fvuru Sahipleri: \u0130stanbul Teknik \u00dcniversitesi <\/span><\/p>\n<\/div>\n<p>Patent Bulu\u015f Sahipleri: \u0130smail Koyuncu, Ay\u015fe Y\u00fcksekda\u011f, Mark Robert Wiesner, B\u00f6rte K\u00f6se Mutlu<\/p>\n<p style=\"font-weight: 400;\"><strong>AN ANTIBACTERIAL MEMBRANE AND A MANUFACTURING PROCESS THEREFOR <\/strong>(2023) Patent No: DE112014003589B4<\/p>\n<p style=\"font-weight: 400;\">Patent Ba\u015fvuru Sahipleri: \u0130stanbul Teknik \u00dcniversitesi<\/p>\n<p><span style=\"font-weight: 400;\">Patent Bulu\u015f Sahipleri: Ismail Koyuncu, Borte Kose, Selin Okatan, Mehmet Can Guclu, Suleyman Ovez, Turker Turken, Gamze Durmaz, Serkan Guclu<\/span><\/p>\n<p><strong><span style=\"font-size: revert;\">S<\/span><\/strong><strong style=\"font-size: revert;\">EP\u0130YOL\u0130T \u0130NORGAN\u0130K NANOF\u0130BERLERLE HAZIRLANAN POL\u0130S\u00dcLFON KOMPOZ\u0130T MEMBRAN \u00dcRET\u0130M Y\u00d6NTEM\u0130 VE BU Y\u00d6NTEMLE ELDE ED\u0130LEN NANOK\u0130L VE KOMPOZ\u0130T MEMBRAN <\/strong><span style=\"font-size: revert;\">(2022) Patent No: 2018 11210<\/span><\/p>\n<div>\n<p>Patent Ba\u015fvuru Sahipleri: \u0130stanbul Teknik \u00dcniversitesi<\/p>\n<p>Patent Bulu\u015f Sahipleri: Ismail Koyuncu, Birg\u00fcl Benli<\/p>\n<p><strong>\u0130NCE BO\u015eLUKLU NANOF\u0130BER \u0130LER\u0130 OSMOZ MEMBRAN \u00dcRET\u0130M Y\u00d6NTEM\u0130<\/strong> (2021),<\/p>\n<p>Patent No: TR 2015 14718 B<br \/>\nPatent Ba\u015fvuru Sahipleri: U\u011eUR G\u00dcR\u015eAD YAL\u00c7INER (YAL\u00c7INER PATENT VE DAN. LTD. \u015eT\u0130.), Patent Bulu\u015f Sahipleri: EBUBEK\u0130R Y\u00dcKSEL, AY\u015eE Y\u00dcKSEKDA\u011e, SERKAN ARSLAN, \u0130SMA\u0130L KOYUNCU, MURAT EYVAZ, SERKAN G\u00dc\u00c7L\u00dc, TAHA ASLAN<\/p>\n<p><strong>AQUAPORIN Z INTEGRATED MEMBRANE PRODUCTION METHOD <\/strong>(2021),<\/p>\n<p>Patent No: WO 2021\/066773A1<\/p>\n<p>Patent Ba\u015fvuru Sahipleri: \u0130stanbul Teknik \u00dcniversitesi,<\/p>\n<p>Patent Bulu\u015f Sahipleri: Ismail Koyuncu, Reyhan Sengur, Nevin Gul Karaguler, Esra Ates Genceli, Turker Turken<\/p>\n<p><strong>ALAN FAYDASI SA\u011eLAYAN MEMBRAN BIYOREAKT\u00d6R MOD\u00dcL\u00dc<\/strong><\/p>\n<p>(2021), Patent No: 2016\/11650<\/p>\n<p>Patent Ba\u015fvuru Sahipleri: Memsis \u00c7evre Teknolojileri Ara\u015ftirma Ve Geli\u015ftirme Anonim \u015eirketi<\/p>\n<p>Patent Bulu\u015f Sahipleri: Ismail Koyuncu, Turker Turken, Mehmet Emin Pa\u015fao\u011flu, Serkan G\u00fc\u00e7l\u00fc, Recep Kaya<\/p>\n<p><strong>ZWITTERIONIC THIN FILM COMPOSITE MEMBRANES WITH HIGH PERFORMANCE<\/strong> (2020),<\/p>\n<p>Patent No: PCT\/TR2018\/050428<br \/>\nPatent Ba\u015fvuru Sahipleri : Sabanc\u0131 \u00dcniversitesi,\u0130stanbul Teknik \u00dcniversitesi, Patent Bulu\u015f Sahipleri : \u0130smail Koyuncu,Jalal Al-D\u0131n Sharabat\u0131,Serkan G\u00fc\u00e7l\u00fc,Serkan \u00dcnal,Yusuf Mencelo\u011flu,Selda Erkoc Ilter<\/p>\n<p><strong>MANUFACTURING OF A NANOFIBER FORWARD OSMOSIS MEMBRANE WITH TUBULAR SHAPE<\/strong> (2020),<\/p>\n<p>Patent No: US Patent 10583406<br \/>\nPatent Ba\u015fvuru Sahipleri : \u0130stanbul Teknik \u00dcniversitesi Rekt\u00f6rl\u00fc\u011f\u00fc, Patent Bulu\u015f Sahipleri : \u0130smail Koyuncu,Serkan G\u00fc\u00e7l\u00fc,Murat Eyvaz,Taha Aslan,Serkan Arslan,Ay\u015fe Y\u00fcksekda\u011f,Ebubekir Y\u00fcksel<\/p>\n<p><strong>A NEW VACUUM ENHANCED OPERATION METHOD FOR FORWARD OSMOSIS MEMBRANE BIOREACTORS<\/strong>(2019),<\/p>\n<p>US Patent 2019 \/ 0263693<br \/>\nPatent Ba\u015fvuru Sahipleri : \u0130stanbul Teknik \u00dcniversitesi Rekt\u00f6rl\u00fc\u011f\u00fc, Patent Bulu\u015f Sahipleri : Serkan ARSLAN,\u0130smail KOYUNCU,Murat EYVAZ,Derya \u0130MER,Taha ASLAN,Ebubekir Y\u00dcKSEL<\/p>\n<p><strong>B\u0130R D\u00d6NEL BAKTER\u0130 TA\u015eIYICI ORTAM\u00a0<\/strong>(2019)<\/p>\n<p>Patent No: 2016 13098<\/p>\n<p>Patent Ba\u015fvuru Sahipleri: \u0130stanbul Teknik \u00dcniversitesi,<\/p>\n<p>Patent Bulu\u015f Sahipleri: B\u00f6rte K\u00f6se Mutlu, Chung-Hak Lee, T\u00fclay Erg\u00f6n Can, \u0130smail Koyuncu<\/p>\n<\/div>\n<p><strong>\u0130LER\u0130 OSMOZ MEMBRAN B\u0130YOREAKT\u00d6R S\u0130STEM\u0130 \u0130\u00c7\u0130N VAKUM DESTEKL\u0130 YEN\u0130 B\u0130R \u0130\u015eLETME Y\u00d6NTEM\u0130<\/strong>(2019),<\/p>\n<p>Patent No: TR 2016 15208 B<\/p>\n<p>Patent Ba\u015fvuru Sahipleri: Gebze Teknik \u00dcniversitesi, Patent Bulu\u015f Sahipleri: Serkan Arslan, \u0130smail Koyuncu, Ebubekir Y\u00fcksel, Derya \u0130mer, Taha Aslan ,Murat Eyvaz<\/p>\n<p><b>FORWARD OSMOSIS MEMBRANE OBTAINED BY USING SULFONATED POLYSULFONE (SPSF) POLYMERAND PRODUCTION METHOD THEREOF <\/b>(2018),<\/p>\n<p>Patent No: WO 2018\/063122A2<\/p>\n<p>Patent Ba\u015fvuru Sahipleri: \u0130stanbul Teknik \u00dcniversitesi, Patent Bulu\u015f Sahipleri: \u0130smail Koyuncu, Derya \u0130mer,Raed Elkhaldi,Mehmet Emin Pa\u015fao\u011flu,Serkan G\u00fc\u00e7l\u00fc,Yusuf Ziya Mencelo\u011flu,Reyhan \u00d6zdo\u011fan,Mithad \u00c7elebi,Mehmet Arif Kaya<\/p>\n<div>\n<p><strong>PETROL VE DO\u011eAL GAZ \u00dcRETIM ATIKSULARI I\u00c7IN BIR ARITMA PROSESI<\/strong> (2016),<\/p>\n<p>Patent No: 2014\/12949<br \/>\nPatent Ba\u015fvuru Sahipleri : \u0130smail KOYUNCU,T\u00fcrkiye Petrolleri Anonim Ortakl\u0131\u011f\u0131, Patent Bulu\u015f Sahipleri : Naci K\u00d6SE,Sema SAYGILI,\u015eebnem Do\u011fa ATAY BAL\u0130,Pelin HO\u015eHAN,Esra EREN TOKO\u011eLU,Erkan BUZPINAR,Hatice SELCEN K\u00d6SE,\u0130smail KOYUNCU,Cumali KINACI,Recep KAYA,Mustafa Evren ER\u015eAH\u0130N,Hale \u00d6ZG\u00dcN,B\u00f6rte K\u00d6SE MUTLU,Serdar DO\u011eAN<\/p>\n<p><strong>ILERI OSMOZ MEMBRAN BIYOREAKT\u00d6R SISTEMI I\u00c7IN VAKUM DESTEKLI YENI BIR ISLETME, <\/strong>TR 2016 15208 B<\/p>\n<p>Y\u00d6NTEMI Patent Ba\u015fvuru Sahipleri: \u0130stanbul Teknik \u00dcniversitesi Rekt\u00f6rl\u00fc\u011f\u00fc, Patent Bulu\u015f Sahipleri: Serkan ARSLAN, \u0130smail KOYUNCU, Murat EYVAZ, Derya \u0130MER, Taha ASLAN,Ebubekir Y\u00dcKSEL<\/p>\n<p><strong>AN ANTIBACTERIAL MEMBRANE AND A PRODUCTION METHOD THEREOF<\/strong> (2015),<\/p>\n<p>Patent No: WO2015084279<br \/>\nPatent Ba\u015fvuru Sahipleri : \u0130smail Koyuncu,B\u00f6rte K\u00f6se,Selin Okatan,Mehmet Can G\u00fc\u00e7l\u00fc,S\u00fcleyman \u00d6vez,T\u00fcrker T\u00fcrken,Gamze Durmaz,Serkan G\u00fc\u00e7l\u00fc, Patent Bulu\u015f Sahipleri : \u0130SMA\u0130L KOYUNCU,B\u00d6RTE K\u00d6SE,SEL\u0130N OKATAN,MEHMET CAN G\u00dc\u00c7L\u00dc,S\u00dcLEYMAN \u00d6VEZ,T\u00dcRKER T\u00dcRKEN,GAMZE DURMAZ,SERKAN G\u00dc\u00c7L\u00dc<\/p>\n<\/div>\n<div><\/div>\n<div><\/div>\n<div><\/div>\n<div><\/div>\n<div><\/div>\n<div><\/div>\n<div><\/div>\n<div><\/div>\n<div><\/div>\n<div><\/div>\n<div><\/div>\n<div><\/div>\n<div><\/div>\n<div><\/div>\n<div><\/div>\n<div><\/div>\n<div><\/div>\n<div><\/div>\n<div><\/div>\n<div id=\"gtx-trans\" style=\"position: absolute; left: -1px; top: 311.6px;\"><\/div>\n","protected":false},"excerpt":{"rendered":"<p>Patentler: MEMBRAN UYGULAMALARI ESASLI NAD\u0130R TOPRAK ELEMENTLER\u0130N\u0130N GER\u0130 KAZANIM S\u0130STEM\u0130 (2023) Patent No: 2022 001725 Patent Ba\u015fvuru Sahipleri: \u0130stanbul Teknik \u00dcniversitesi Patent Bulu\u015f Sahipleri: \u0130smail Koyuncu, Ay\u015fe Y\u00fcksekda\u011f, Mark Robert Wiesner, B\u00f6rte K\u00f6se Mutlu HERBAL ABSORBENT MATERIAL FOR COMBATING OIL AND OIL SPILLS (2023) Patent No: WO2023211407A1 Patent Ba\u015fvuru Sahipleri: \u0130stanbul Teknik \u00dcniversitesi Patent Bulu\u015f [&hellip;]<\/p>\n","protected":false},"author":1,"featured_media":0,"parent":0,"menu_order":0,"comment_status":"closed","ping_status":"closed","template":"","meta":{"footnotes":""},"class_list":["post-8314","page","type-page","status-publish","hentry"],"_links":{"self":[{"href":"https:\/\/mem-tek.org\/index.php\/wp-json\/wp\/v2\/pages\/8314","targetHints":{"allow":["GET"]}}],"collection":[{"href":"https:\/\/mem-tek.org\/index.php\/wp-json\/wp\/v2\/pages"}],"about":[{"href":"https:\/\/mem-tek.org\/index.php\/wp-json\/wp\/v2\/types\/page"}],"author":[{"embeddable":true,"href":"https:\/\/mem-tek.org\/index.php\/wp-json\/wp\/v2\/users\/1"}],"replies":[{"embeddable":true,"href":"https:\/\/mem-tek.org\/index.php\/wp-json\/wp\/v2\/comments?post=8314"}],"version-history":[{"count":4,"href":"https:\/\/mem-tek.org\/index.php\/wp-json\/wp\/v2\/pages\/8314\/revisions"}],"predecessor-version":[{"id":8483,"href":"https:\/\/mem-tek.org\/index.php\/wp-json\/wp\/v2\/pages\/8314\/revisions\/8483"}],"wp:attachment":[{"href":"https:\/\/mem-tek.org\/index.php\/wp-json\/wp\/v2\/media?parent=8314"}],"curies":[{"name":"wp","href":"https:\/\/api.w.org\/{rel}","templated":true}]}}