{"id":8619,"date":"2025-03-05T08:51:58","date_gmt":"2025-03-05T08:51:58","guid":{"rendered":"https:\/\/mem-tek.org\/?page_id=8619"},"modified":"2025-03-05T08:53:26","modified_gmt":"2025-03-05T08:53:26","slug":"books-and-chapters-in-books","status":"publish","type":"page","link":"https:\/\/mem-tek.org\/index.php\/en\/books-and-chapters-in-books\/","title":{"rendered":"Books and Chapters in Books"},"content":{"rendered":"<div>\n<p style=\"font-size: x-large;\"><b>International Book or Chapter Parts:<\/b><\/p>\n<p><strong>2023<\/strong><\/p>\n<p><a href=\"https:\/\/www.sciencedirect.com\/science\/article\/abs\/pii\/B9780128230329000131?via%3Dihub\">Zeytuncu, B., Sengur-Tasdemir, R., Pasaoglu, M. E., Kaya, R., Turken, T., &amp; Koyuncu, I. (2023). Electrospun membranes for microfiltration. In\u00a0<em>Electrospun and Nanofibrous Membranes<\/em>(pp. 325-345). Elsevier.<\/a><\/p>\n<p><a href=\"https:\/\/www.researchgate.net\/publication\/368283923_Pretreatments_Before_the_Nanofiltration_Technique\">Korkut, S., Vatanpour, V., &amp; Koyuncu, I. (2023). Pretreatments Before the Nanofiltration Technique. In\u00a0<em>Nanofiltration Membrane for Water Purification<\/em>(pp. 37-54). Singapore: Springer Nature Singapore.<\/a><\/p>\n<p><strong>2020<\/strong><\/p>\n<p><a href=\"https:\/\/www.researchgate.net\/publication\/344396390_Reflections_on_the_Pandemic_in_the_Future_of_the_World\">\u00d6zt\u00fcrk, \u0130. ve<em> Koyuncu, \u0130.<\/em> (2020) Environmental and Ecosystem Services in the Post-Pandemic Period, Reflections on the Pandemic in the Future of the World, Editor: Muzaffer \u015eeker, Ali \u00d6zer, Cem Korkut, Sayfa: 839-860.<\/a><\/p>\n<p><a href=\"https:\/\/www.sciencedirect.com\/science\/article\/abs\/pii\/B9780128168226000057\"><em>Koyuncu, I<\/em>, Reyhan Sengur-Tasdemir, Mustafa Evren Ersahin, Hale Ozgun, Borte Kose-Mutlu, Turker Turken, Recep Kaya, Bahar Yavuzturk-Gul (2020) Applications of Ceramic Membrane Bioreactors in Water Treatment in Current Trends and Future Developments on (Bio-) Membranes, 141-176, Elsevier Press.<\/a><\/p>\n<p><strong>2019<\/strong><\/p>\n<p><a href=\"https:\/\/www.taylorfrancis.com\/chapters\/edit\/10.1201\/9781351174046-10\/nanofiber-membranes-energy-applications-mehmet-emin-pasaoglu-ismail-koyuncu-reyhan-sengur-tasdemir?context=ubx&amp;refId=7c2af756-7302-4d7b-96ec-1106fa89064b\">Mehmet Emin Pasaoglu, <em>Koyuncu, I<\/em>, Reyhan Sengur-Tasdemir (2019) Nanofiber Membranes for Energy Applications, in Nanofiber Membranes for Medical, Environmental, and Energy Applications, 215, CRC Press.<\/a><\/p>\n<p><a href=\"https:\/\/www.researchgate.net\/publication\/332455338_Biomimetic_Membranes_as_an_Emerging_Water_Filtration_Technology\">Sengur-Tasdemir, R,, Havva Esra Tutuncu, Nevin Gul-Karaguler, Esra Ates-Genceli, and <em>Koyuncu, I.<\/em> (2019) Biomimetic Membranes as an Emerging Water Filtration Technology, in Biomimetic Lipid Membranes: Fundamentals, Applications, and Commercialization, 249-283.<\/a><\/p>\n<p><strong>2018<\/strong><\/p>\n<p><a href=\"https:\/\/www.researchgate.net\/publication\/373772576_Quorum_Quenching_for_Biofouling_Control_in_Membrane_Bioreactors\">Gul, BY, Kose, B., Park, P, Lee, CH, <em>Koyuncu, I.<\/em> (2018) \u00a0Quorum Quenching For Biofouling Control in Membrane Bioreactors, in Encyclopedia of Water: Science, Technology, and Society, Wiley, (in Press).<\/a><\/p>\n<p><a href=\"https:\/\/www.researchgate.net\/publication\/344257678_Hollow_Fiber_Nanofiltration_Membranes_for_Water_Treatment\">Sengur-Tasdemir, R, Turken, T. Urper<sup>, <\/sup>GM, Genceli, EA, Tarabara<sup>, <\/sup>VV and <em>Koyuncu, I.<\/em> (2018) Hollow Fiber Nanofiltration Membranes For Water Treatment, in Encyclopedia of Water: Science, Technology, and Society, Wiley, (in Press).<\/a><\/p>\n<p><a href=\"https:\/\/www.google.com.tr\/search?q=Forward+Osmosis+Membranes+%E2%80%93+A+Review%3A+Part+I+%28Chapter+2%29%2C+in+Osmotically+Driven+Membrane+Processes+-+Approach%2C+Development+and+Current+Status.+Intech+Publishing.&amp;client=safari&amp;sca_esv=9fdca5576095e55b&amp;channel=iphone_bm&amp;source=hp&amp;ei=VqU2ZuOIK-CGxc8PndyXmAI&amp;iflsig=AL9hbdgAAAAAZjazZplZCWnT-xPQfmR-3GndZoC-6tqV&amp;udm=&amp;ved=0ahUKEwjji_mi9fSFAxVgQ_EDHR3uBSMQ4dUDCAw&amp;uact=5&amp;oq=Forward+Osmosis+Membranes+%E2%80%93+A+Review%3A+Part+I+%28Chapter+2%29%2C+in+Osmotically+Driven+Membrane+Processes+-+Approach%2C+Development+and+Current+Status.+Intech+Publishing.&amp;gs_lp=Egdnd3Mtd2l6IqMBRm9yd2FyZCBPc21vc2lzIE1lbWJyYW5lcyDigJMgQSBSZXZpZXc6IFBhcnQgSSAoQ2hhcHRlciAyKSwgaW4gT3Ntb3RpY2FsbHkgRHJpdmVuIE1lbWJyYW5lIFByb2Nlc3NlcyAtIEFwcHJvYWNoLCBEZXZlbG9wbWVudCBhbmQgQ3VycmVudCBTdGF0dXMuIEludGVjaCBQdWJsaXNoaW5nLkgAUABYAHAAeACQAQCYAQCgAQCqAQC4AQPIAQD4AQL4AQGYAgCgAgCYAwCSBwCgBwA&amp;sclient=gws-wiz#ip=1\">Murat Eyvaz, Serkan Arslan, Derya \u0130mer, Ebubekir Yu\u0308ksel and <em>Koyuncu, I.<\/em> (2018) Forward Osmosis Membranes \u2013 A Review: Part I (Chapter 2), in Osmotically Driven Membrane Processes &#8211; Approach, Development and Current Status. Intech Publishing.<\/a><\/p>\n<p><a href=\"https:\/\/www.intechopen.com\/chapters\/59534\">Murat Eyvaz, Serkan Arslan, Derya \u0130mer, Ebubekir Yu\u0308ksel and <em>Koyuncu, I.<\/em> (2018) Forward Osmosis Membranes \u2013 A Review: Part II (Chapter 3), in Osmotically Driven Membrane Processes &#8211; Approach, Development and Current Status. Intech Publishing.<\/a><\/p>\n<p><strong>2017<\/strong><\/p>\n<p><a href=\"https:\/\/www.taylorfrancis.com\/chapters\/edit\/10.1201\/9781315179070-6\/effects-solvent-ratio-carbon-nanotube-blended-polymeric-membranes-evrim-celik-madenli-ozgur-cakmakc\u0131-ilkay-isguder-nevzat-yigit-mehmet-kitis-ismail-koyuncu-heechul-choi\">\u00c7elik Madenli, E., \u00c7akmakci, \u00d6., \u0130\u015fgider, \u0130., Yi\u011fit, N\u00d6, Kiti\u015f, M ve <em>Koyuncu, \u0130.<\/em> (2017) Effect of Solvent Ratio on Carbon Nanotube Blended Polymeric Membranes, in Application of Nanotechnology in Membranes for Water Treatment, (ed. Alberto Figoli, Jan Hoinkis, Sacide Alsoy Altinkaya, Jochen Bundschuh), CRC Press Taylor&amp; Francis Group.<\/a><\/p>\n<p><a href=\"https:\/\/www.taylorfrancis.com\/chapters\/edit\/10.1201\/9781315179070-3\/fabrication-application-areas-mixed-matrix-flat-sheet-membranes-derya-koseoglu-imer-ismail-koyuncu\">Koseoglu-Imer, D.Y., <em>Koyuncu, I., <\/em>(2017) Fabrication and application areas of mixed matrix flat-sheet membranes, in Application of Nanotechnology in Membranes for Water Treatment, Chapter 3: (ed. Alberto Figoli, Jan Hoinkis, Sacide Alsoy Altinkaya, Jochen Bundschuh), CRC Press Taylor&amp; Francis Group.<\/a><\/p>\n<p style=\"font-size: large;\"><b>2016<\/b><\/p>\n<p><a href=\"https:\/\/books.google.com.tr\/books?hl=en&amp;lr=&amp;id=aDd8DQAAQBAJ&amp;oi=fnd&amp;pg=PA55&amp;ots=7RAuCpYvzE&amp;sig=oZQIrSxLqgn_94rYWT_yMVgzdxI&amp;redir_esc=y#v=onepage&amp;q&amp;f=false\" target=\"_blank\" rel=\"noopener\">Koseoglu-Imer, D.Y., Koyuncu, I., Sengur-Tasdemir, R., Guclu, S., Kaya, R., Pasaoglu, M.E., Turken, T. (2016) Characterization of Membranes. In Nanostructured Polymer Membranes, Volume 1: Processing and Characterization (ed. Visakh P. M., Olga Nazarenko) \u2013 Wiley-Scrivener Publishing, Aral\u0131k 2016, ISBN: 978-1-118-83173-1<\/a><\/p>\n<p style=\"font-size: large;\"><b>2015<\/b><\/p>\n<p><a href=\"http:\/\/www.sciencedirect.com\/science\/article\/pii\/B9781782421214000034\" target=\"_blank\" rel=\"noopener\">Koyuncu I., Sengur, R., Turken, T., Guclu, S., Pasaoglu, M.E. (2015) Advances in water treatment by ultrafiltration, microfiltration and nanofiltration. In Advances in membrane technologies for water treatment: Materials, processes and applications (ed. Angelo Basile, Alfredo Cassano and Navin Rastogi) \u2013 Woodhead Publishings, Mart 2015, ISBN: 978-1-78242-121-4<\/a><\/p>\n<p style=\"font-size: x-large;\"><b>National Book or Chapter Parts:<\/b><\/p>\n<p><strong>2022<\/strong><\/p>\n<p><a href=\"https:\/\/ituyayinevi.itu.edu.tr\/yayinlar\/kitaplarimiz\/aritma-tesislerinin-hidroligi\">Ar\u0131tma Tesislerinin Hidroli\u011fi (2022)., KOYUNCU \u0130SMA\u0130L, Topac\u0131k Dincer, \u0130T\u00dc Yay\u0131nevi, Edit\u00f6r: Dincer Topac\u0131k, \u0130smail Koyuncu, Bas\u0131m say\u0131s\u0131:2, Sayfa Say\u0131s\u0131 514, ISBN:978-975-561-536-3, T\u00fcrk\u00e7e (Bilimsel Kitap), (Yay\u0131n No: 8131991)<\/a><\/p>\n<p><strong>2020<\/strong><\/p>\n<p><a href=\"https:\/\/www.tuba.gov.tr\/tr\/yayinlar\/suresiz-yayinlar\/bilim-ve-dusunce\/kuresel-salginin-anatomisi-insan-ve-toplumun-gelecegi-1\/cevre-ve-ekosistem-hizmetlerinde-covid-19-kuresel-salgini-sonrasi-yeni-normal\">\u00d6zt\u00fcrk, \u0130. ve Koyuncu, \u0130. (2020) \u00c7evre ve Ekosistem Hizmetlerinde COVID-19 K\u00fcresel Salg\u0131n\u0131 Sonras\u0131 Yeni Normal, K\u00fcresel Salg\u0131n\u0131n Anatomisi: \u0130nsan ve Toplumun Gelece\u011fi, Edit\u00f6r: Muzaffer \u015eeker, Ali \u00d6zer, Cem Korkut, Sayfa: 865-888.<\/a><\/p>\n<p><a href=\"https:\/\/www.tuba.gov.tr\/tr\/yayinlar\/suresiz-yayinlar\/bilim-ve-dusunce\/kuresel-salginin-anatomisi-insan-ve-toplumun-gelecegi-1\/cevre-ve-ekosistem-hizmetlerinde-covid-19-kuresel-salgini-sonrasi-yeni-normal\">K\u00fcresel Salg\u0131n\u0131n Anatomisi \u0130nsan ve Toplumun Gelece\u011fi, B\u00f6l\u00fcm ad\u0131:(\u00c7evre ve Ekosistem Hizmetlerinde COVID-19 K\u00fcresel Salg\u0131n\u0131 Sonras\u0131 Yeni Normal) (2020)., \u00d6ZT\u00dcRK \u0130ZZET, KOYUNCU \u0130SMA\u0130L, T\u00dcBA, Edit\u00f6r: \u015eeker Muzaffer, \u00d6zer Ali, Korkut Cem, Bas\u0131m say\u0131s\u0131:1, ISBN:978-605-2249-46-8, T\u00fcrk\u00e7e<\/a><\/p>\n<p><strong>2018<\/strong><\/p>\n<p><a href=\"https:\/\/yalova.csb.gov.tr\/su-atiksu-aritilmasi-ve-geri-kazanilmasinda-membran-teknolojileri-ve-uygulamalari-haber-223945\">Koyuncu \u0130., (2018), Su\/At\u0131ksu Ar\u0131t\u0131lmas\u0131 ve Geri Kazan\u0131lmas\u0131nda Membran Teknolojileri ve Uygulamalar\u0131 Cilt 1: Membran Teknolojileri ve Su Ar\u0131tma. T\u00fcrkiye \u00c7evre Koruma Vakf\u0131 Yay\u0131nlar\u0131.<\/a><\/p>\n<p><a href=\"https:\/\/yalova.csb.gov.tr\/su-atiksu-aritilmasi-ve-geri-kazanilmasinda-membran-teknolojileri-ve-uygulamalari-haber-223945\">Koyuncu \u0130., (2018), Su\/At\u0131ksu Ar\u0131t\u0131lmas\u0131 ve Geri Kazan\u0131lmas\u0131nda Membran Teknolojileri ve Uygulamalar\u0131 Cilt 2: Evsel ve End\u00fcstriyel At\u0131ksular\u0131n Ar\u0131t\u0131lmas\u0131 ve Geri Kazan\u0131lmas\u0131nda Membran Teknolojileri. T\u00fcrkiye \u00c7evre Koruma Vakf\u0131 Yay\u0131nlar\u0131.<\/a><\/p>\n<p><a href=\"https:\/\/yalova.csb.gov.tr\/su-atiksu-aritilmasi-ve-geri-kazanilmasinda-membran-teknolojileri-ve-uygulamalari-haber-223945\">Koyuncu \u0130., (2018), Su\/At\u0131ksu Ar\u0131t\u0131lmas\u0131 ve Geri Kazan\u0131lmas\u0131nda Membran Teknolojileri ve Uygulamalar\u0131 Cilt 3: Membran Teknolojilerinde Konsantre Y\u00f6netimi, Maliyet, \u0130\u015fletme ve Bak\u0131m, Enerji \u00dcretimi Uygulamalar\u0131 ve Membran Teknolojileri S\u00f6zl\u00fc\u011f\u00fc. T\u00fcrkiye \u00c7evre Koruma Vakf\u0131 Yay\u0131nlar\u0131.<\/a><\/p>\n<p><a href=\"https:\/\/www.researchgate.net\/profile\/Atilla-Karatas\/publication\/329714299_Hidtografik_Acidan_Kirkcesme_Sulari\/links\/5c17a54092851c39ebf3e7bd\/Hidtografik-Acidan-Kirkcesme-Sulari.pdf\">Koyuncu, \u0130. (2018) Su ve G\u00fc\u00e7: T\u00fcrkiye\u2019nin Su Potansiyeli, Mimar Sinan ve Su, Edit\u00f6r: Co\u015fkun Y\u0131lmaz, Sayfa: 414-427.<\/a><\/p>\n<p><strong>2017<\/strong><\/p>\n<p>\u00d6zt\u00fcrk, \u0130, Koyuncu, \u0130 ve Fak\u0131o\u011flu, M. (2017) \u0130leri At\u0131ksu Ar\u0131t\u0131m\u0131, B\u00f6l\u00fcm 7, At\u0131ksu M\u00fchendisli\u011fi, \u0130SK\u0130 Yay\u0131nlar\u0131.<\/p>\n<\/div>\n<p><strong>2015<\/strong><\/p>\n<div>\n<p>Koyuncu, \u0130. \u00d6zt\u00fcrk, \u0130, Y\u0131lmaz, O ve K\u00f6se, B. (2015) At\u0131ksu Ar\u0131tma Tesisi \u0130\u015fletimi El Kitab\u0131, TBB Yay\u0131n\u0131<\/p>\n<p>Koyuncu, \u0130, \u201cTemel Prensipler\u201d, The MBR Book, Edit\u00f6r Prof. Dr. B\u00fclent Keskinler, B\u00f6l\u00fcm 2, Nobel Akademik Yay\u0131nc\u0131l\u0131k, \u0130stanbul, 2015.<\/p>\n<p>Koyuncu, \u0130., \u0130mer, D, G\u00fc\u00e7l\u00fc, S., \u015eeng\u00fcr, R. (2015) Sanayi ve \u00c7evre \u0130li\u015fkisi, B\u00f6l\u00fcm 2, \u0130klim De\u011fi\u015fikli\u011fi ve Kire\u00e7 Sekt\u00f6r\u00fc, Ed: Bilgin Hilmio\u011flu, Cem Veb Ofset.<\/p>\n<p><strong>2014<\/strong><\/p>\n<p>Koyuncu, \u0130, \u201cTers Osmoz ve Nanofiltrasyon\u201d, Su ve At\u0131ksu M\u00fchendisli\u011fi, Edit\u00f6r Prof. Dr. \u0130smail Tor\u00f6z, B\u00f6l\u00fcm 9, Nobel Akademik Yay\u0131nc\u0131l\u0131k, \u0130stanbul, 2014<\/p>\n<p>Koyuncu, \u0130, ve Derya \u0130mer \u201cMikrofiltrasyon ve Ultrafiltrasyon\u201d, Su ve At\u0131ksu M\u00fchendisli\u011fi, Edit\u00f6r Prof. Dr. \u0130smail Tor\u00f6z, B\u00f6l\u00fcm 11, Nobel Akademik Yay\u0131nc\u0131l\u0131k, \u0130stanbul, 2014<\/p>\n<p><strong>2011<\/strong><\/p>\n<p>Koyuncu, \u0130, \u201cAt\u0131ksu Ar\u0131t\u0131m\u0131\u201d, \u00c7evre M\u00fchendisli\u011fine Giri\u015f, Edit\u00f6r Prof. Dr. \u0130smail Tor\u00f6z, B\u00f6l\u00fcm 11, Nobel Akademik Yay\u0131nc\u0131l\u0131k, \u0130stanbul, 2011<\/p>\n<\/div>\n<div><\/div>\n<div><\/div>\n<div><\/div>\n<div><\/div>\n<div><\/div>\n<div><\/div>\n<div><\/div>\n<div><\/div>\n<div><\/div>\n<div><\/div>\n<div><\/div>\n<div><\/div>\n<div><\/div>\n<div><\/div>\n<div id=\"gtx-trans\" style=\"position: absolute; left: -1px; top: 311.6px;\"><\/div>\n","protected":false},"excerpt":{"rendered":"<p>International Book or Chapter Parts: 2023 Zeytuncu, B., Sengur-Tasdemir, R., Pasaoglu, M. E., Kaya, R., Turken, T., &amp; Koyuncu, I. (2023). Electrospun membranes for microfiltration. In\u00a0Electrospun and Nanofibrous Membranes(pp. 325-345). Elsevier. Korkut, S., Vatanpour, V., &amp; Koyuncu, I. (2023). Pretreatments Before the Nanofiltration Technique. In\u00a0Nanofiltration Membrane for Water Purification(pp. 37-54). Singapore: Springer Nature Singapore. 2020 [&hellip;]<\/p>\n","protected":false},"author":1,"featured_media":0,"parent":0,"menu_order":0,"comment_status":"closed","ping_status":"closed","template":"","meta":{"footnotes":""},"class_list":["post-8619","page","type-page","status-publish","hentry"],"_links":{"self":[{"href":"https:\/\/mem-tek.org\/index.php\/wp-json\/wp\/v2\/pages\/8619","targetHints":{"allow":["GET"]}}],"collection":[{"href":"https:\/\/mem-tek.org\/index.php\/wp-json\/wp\/v2\/pages"}],"about":[{"href":"https:\/\/mem-tek.org\/index.php\/wp-json\/wp\/v2\/types\/page"}],"author":[{"embeddable":true,"href":"https:\/\/mem-tek.org\/index.php\/wp-json\/wp\/v2\/users\/1"}],"replies":[{"embeddable":true,"href":"https:\/\/mem-tek.org\/index.php\/wp-json\/wp\/v2\/comments?post=8619"}],"version-history":[{"count":3,"href":"https:\/\/mem-tek.org\/index.php\/wp-json\/wp\/v2\/pages\/8619\/revisions"}],"predecessor-version":[{"id":8623,"href":"https:\/\/mem-tek.org\/index.php\/wp-json\/wp\/v2\/pages\/8619\/revisions\/8623"}],"wp:attachment":[{"href":"https:\/\/mem-tek.org\/index.php\/wp-json\/wp\/v2\/media?parent=8619"}],"curies":[{"name":"wp","href":"https:\/\/api.w.org\/{rel}","templated":true}]}}